{"id":26957,"date":"2022-08-29T14:59:39","date_gmt":"2022-08-29T14:59:39","guid":{"rendered":"https:\/\/leaf-systems.eu\/marketing-manager\/"},"modified":"2024-03-25T12:40:04","modified_gmt":"2024-03-25T12:40:04","slug":"marketing-manager","status":"publish","type":"page","link":"https:\/\/leaf-systems.eu\/de-at\/marketing-manager\/","title":{"rendered":"Marketing Manager"},"content":{"rendered":"\t\t<div data-elementor-type=\"wp-page\" data-elementor-id=\"26957\" class=\"elementor elementor-26957 elementor-9866\" data-elementor-settings=\"{&quot;element_pack_global_tooltip_width&quot;:{&quot;unit&quot;:&quot;px&quot;,&quot;size&quot;:&quot;&quot;,&quot;sizes&quot;:[]},&quot;element_pack_global_tooltip_width_tablet&quot;:{&quot;unit&quot;:&quot;px&quot;,&quot;size&quot;:&quot;&quot;,&quot;sizes&quot;:[]},&quot;element_pack_global_tooltip_width_mobile&quot;:{&quot;unit&quot;:&quot;px&quot;,&quot;size&quot;:&quot;&quot;,&quot;sizes&quot;:[]},&quot;element_pack_global_tooltip_padding&quot;:{&quot;unit&quot;:&quot;px&quot;,&quot;top&quot;:&quot;&quot;,&quot;right&quot;:&quot;&quot;,&quot;bottom&quot;:&quot;&quot;,&quot;left&quot;:&quot;&quot;,&quot;isLinked&quot;:true},&quot;element_pack_global_tooltip_padding_tablet&quot;:{&quot;unit&quot;:&quot;px&quot;,&quot;top&quot;:&quot;&quot;,&quot;right&quot;:&quot;&quot;,&quot;bottom&quot;:&quot;&quot;,&quot;left&quot;:&quot;&quot;,&quot;isLinked&quot;:true},&quot;element_pack_global_tooltip_padding_mobile&quot;:{&quot;unit&quot;:&quot;px&quot;,&quot;top&quot;:&quot;&quot;,&quot;right&quot;:&quot;&quot;,&quot;bottom&quot;:&quot;&quot;,&quot;left&quot;:&quot;&quot;,&quot;isLinked&quot;:true},&quot;element_pack_global_tooltip_border_radius&quot;:{&quot;unit&quot;:&quot;px&quot;,&quot;top&quot;:&quot;&quot;,&quot;right&quot;:&quot;&quot;,&quot;bottom&quot;:&quot;&quot;,&quot;left&quot;:&quot;&quot;,&quot;isLinked&quot;:true},&quot;element_pack_global_tooltip_border_radius_tablet&quot;:{&quot;unit&quot;:&quot;px&quot;,&quot;top&quot;:&quot;&quot;,&quot;right&quot;:&quot;&quot;,&quot;bottom&quot;:&quot;&quot;,&quot;left&quot;:&quot;&quot;,&quot;isLinked&quot;:true},&quot;element_pack_global_tooltip_border_radius_mobile&quot;:{&quot;unit&quot;:&quot;px&quot;,&quot;top&quot;:&quot;&quot;,&quot;right&quot;:&quot;&quot;,&quot;bottom&quot;:&quot;&quot;,&quot;left&quot;:&quot;&quot;,&quot;isLinked&quot;:true}}\" data-elementor-post-type=\"page\">\n\t\t\t\t\t\t<section class=\"elementor-section elementor-top-section elementor-element elementor-element-47c4fed4 elementor-section-boxed elementor-section-height-default elementor-section-height-default\" data-id=\"47c4fed4\" data-element_type=\"section\" data-e-type=\"section\" data-settings=\"{&quot;background_background&quot;:&quot;classic&quot;}\">\n\t\t\t\t\t\t<div class=\"elementor-container elementor-column-gap-default\">\n\t\t\t\t\t<div class=\"elementor-column elementor-col-50 elementor-top-column elementor-element elementor-element-2b3c63a8\" data-id=\"2b3c63a8\" data-element_type=\"column\" data-e-type=\"column\">\n\t\t\t<div class=\"elementor-widget-wrap elementor-element-populated\">\n\t\t\t\t\t\t<div class=\"elementor-element elementor-element-28ea5eed elementor-invisible elementor-widget elementor-widget-heading\" data-id=\"28ea5eed\" data-element_type=\"widget\" data-e-type=\"widget\" data-settings=\"{&quot;_animation&quot;:&quot;fadeInDown&quot;}\" data-widget_type=\"heading.default\">\n\t\t\t\t<div class=\"elementor-widget-container\">\n\t\t\t\t\t<h1 class=\"elementor-heading-title elementor-size-default\">Marketing Manager (m\/w\/d)<\/h1>\t\t\t\t<\/div>\n\t\t\t\t<\/div>\n\t\t\t\t<div class=\"elementor-element elementor-element-3396fea elementor-widget elementor-widget-heading\" data-id=\"3396fea\" data-element_type=\"widget\" data-e-type=\"widget\" data-widget_type=\"heading.default\">\n\t\t\t\t<div class=\"elementor-widget-container\">\n\t\t\t\t\t<h4 class=\"elementor-heading-title elementor-size-default\">Linz (AT)<\/h4>\t\t\t\t<\/div>\n\t\t\t\t<\/div>\n\t\t\t\t<div class=\"elementor-element elementor-element-72b3db59 elementor-widget__width-initial elementor-widget-tablet__width-initial elementor-invisible elementor-widget elementor-widget-text-editor\" data-id=\"72b3db59\" data-element_type=\"widget\" data-e-type=\"widget\" data-settings=\"{&quot;_animation&quot;:&quot;fadeInDown&quot;}\" data-widget_type=\"text-editor.default\">\n\t\t\t\t<div class=\"elementor-widget-container\">\n\t\t\t\t\t\t\t\t\t<p>Die Leaf Systems GmbH wurde 2013 gegr\u00fcndet, um Bestell- und Kommunikationsprozesse in der Gastronomie zu verbessern. Um den n\u00e4chsten Skalierungsschritt zu gehen, suchen wir kompetente und motivierte Mitarbeiter f\u00fcr unser Team. Gerne als <b>Angestellter in Vollzeit oder Teilzeit.<\/b><\/p>\n<p>Sende deine Bewerbung an: jobs@leaf-systems.eu<\/p>\n\t\t\t\t\t\t\t\t<\/div>\n\t\t\t\t<\/div>\n\t\t\t\t\t<\/div>\n\t\t<\/div>\n\t\t\t\t<div class=\"elementor-column elementor-col-50 elementor-top-column elementor-element elementor-element-f14e763\" data-id=\"f14e763\" data-element_type=\"column\" data-e-type=\"column\">\n\t\t\t<div class=\"elementor-widget-wrap elementor-element-populated\">\n\t\t\t\t\t\t<div class=\"elementor-element elementor-element-5d1a1b28 elementor-invisible elementor-widget elementor-widget-image\" data-id=\"5d1a1b28\" data-element_type=\"widget\" data-e-type=\"widget\" data-settings=\"{&quot;_animation&quot;:&quot;zoomIn&quot;,&quot;_animation_delay&quot;:300}\" data-widget_type=\"image.default\">\n\t\t\t\t<div class=\"elementor-widget-container\">\n\t\t\t\t\t\t\t\t\t\t\t\t\t\t\t<img fetchpriority=\"high\" decoding=\"async\" width=\"5361\" height=\"6049\" src=\"https:\/\/leaf-systems.eu\/wp-content\/uploads\/2022\/10\/Marketing-Manager.png\" class=\"attachment-full size-full wp-image-25232\" alt=\"Social Media Manager\" srcset=\"https:\/\/leaf-systems.eu\/wp-content\/uploads\/2022\/10\/Marketing-Manager.png 5361w, https:\/\/leaf-systems.eu\/wp-content\/uploads\/2022\/10\/Marketing-Manager-266x300.png 266w, https:\/\/leaf-systems.eu\/wp-content\/uploads\/2022\/10\/Marketing-Manager-908x1024.png 908w, https:\/\/leaf-systems.eu\/wp-content\/uploads\/2022\/10\/Marketing-Manager-768x867.png 768w, https:\/\/leaf-systems.eu\/wp-content\/uploads\/2022\/10\/Marketing-Manager-1361x1536.png 1361w, https:\/\/leaf-systems.eu\/wp-content\/uploads\/2022\/10\/Marketing-Manager-1815x2048.png 1815w, https:\/\/leaf-systems.eu\/wp-content\/uploads\/2022\/10\/Marketing-Manager-576x650.png 576w\" sizes=\"(max-width: 5361px) 100vw, 5361px\" \/>\t\t\t\t\t\t\t\t\t\t\t\t\t\t\t<\/div>\n\t\t\t\t<\/div>\n\t\t\t\t\t<\/div>\n\t\t<\/div>\n\t\t\t\t\t<\/div>\n\t\t<\/section>\n\t\t\t\t<section class=\"elementor-section elementor-top-section elementor-element elementor-element-37bfa56c elementor-section-content-middle elementor-reverse-mobile elementor-section-boxed elementor-section-height-default elementor-section-height-default\" data-id=\"37bfa56c\" data-element_type=\"section\" data-e-type=\"section\" data-settings=\"{&quot;background_background&quot;:&quot;classic&quot;}\">\n\t\t\t\t\t\t<div class=\"elementor-container elementor-column-gap-default\">\n\t\t\t\t\t<div class=\"elementor-column elementor-col-100 elementor-top-column elementor-element elementor-element-406f8fc4\" data-id=\"406f8fc4\" data-element_type=\"column\" data-e-type=\"column\">\n\t\t\t<div class=\"elementor-widget-wrap elementor-element-populated\">\n\t\t\t\t\t\t<div class=\"elementor-element elementor-element-41a7afcb elementor-invisible elementor-widget elementor-widget-heading\" data-id=\"41a7afcb\" data-element_type=\"widget\" data-e-type=\"widget\" data-settings=\"{&quot;_animation&quot;:&quot;fadeIn&quot;,&quot;_animation_delay&quot;:200}\" data-widget_type=\"heading.default\">\n\t\t\t\t<div class=\"elementor-widget-container\">\n\t\t\t\t\t<h2 class=\"elementor-heading-title elementor-size-default\">Deine Aufgaben:<\/h2>\t\t\t\t<\/div>\n\t\t\t\t<\/div>\n\t\t\t\t<div class=\"elementor-element elementor-element-602e28f7 elementor-invisible elementor-widget elementor-widget-text-editor\" data-id=\"602e28f7\" data-element_type=\"widget\" data-e-type=\"widget\" data-settings=\"{&quot;_animation&quot;:&quot;fadeIn&quot;,&quot;_animation_delay&quot;:400}\" data-widget_type=\"text-editor.default\">\n\t\t\t\t<div class=\"elementor-widget-container\">\n\t\t\t\t\t\t\t\t\t<ul>\n<li><span class=\"JsGRdQ\">Planung, Umsetzung und Monitoring von Marketing Ma\u00dfnahmen<\/span><\/li>\n<li><span class=\"JsGRdQ\">Vermarktung neu eingef\u00fchrter Software sowie Pflege des bestehenden Service- und Softwareportfolios (Inhalte, Website, Print Medien, Sales Unterlagen)<\/span><\/li>\n<li><span class=\"JsGRdQ\">Mitwirkung bei der Planung von Messen<\/span><\/li>\n<li><span class=\"JsGRdQ\">Analyse, Auswertung und Reporting der durchgef\u00fchrten Marketing Ma\u00dfnahmen<\/span><\/li>\n<li><span class=\"JsGRdQ\">Enge Zusammenarbeit mit dem restlichen Marketing Team<\/span><\/li>\n<\/ul>\n\t\t\t\t\t\t\t\t<\/div>\n\t\t\t\t<\/div>\n\t\t\t\t<div class=\"elementor-element elementor-element-0c0b36b elementor-invisible elementor-widget elementor-widget-heading\" data-id=\"0c0b36b\" data-element_type=\"widget\" data-e-type=\"widget\" data-settings=\"{&quot;_animation&quot;:&quot;fadeIn&quot;,&quot;_animation_delay&quot;:200}\" data-widget_type=\"heading.default\">\n\t\t\t\t<div class=\"elementor-widget-container\">\n\t\t\t\t\t<h2 class=\"elementor-heading-title elementor-size-default\">Was du mitbringen sollst:<\/h2>\t\t\t\t<\/div>\n\t\t\t\t<\/div>\n\t\t\t\t<div class=\"elementor-element elementor-element-2a1d9bc elementor-invisible elementor-widget elementor-widget-text-editor\" data-id=\"2a1d9bc\" data-element_type=\"widget\" data-e-type=\"widget\" data-settings=\"{&quot;_animation&quot;:&quot;fadeIn&quot;,&quot;_animation_delay&quot;:400}\" data-widget_type=\"text-editor.default\">\n\t\t\t\t<div class=\"elementor-widget-container\">\n\t\t\t\t\t\t\t\t\t<ul>\n<li><span class=\"JsGRdQ\">Ausbildung im Bereich Marketing oder entsprechende Berufserfahrung<\/span><\/li>\n<li><span class=\"JsGRdQ\">Erfahrung mit WordPress und Google Ads von Vorteil<\/span><\/li>\n<li><span class=\"JsGRdQ\">Kommunikationsf\u00e4higkeit sowie Kreativit\u00e4t<\/span><\/li>\n<li><span class=\"JsGRdQ\">Sehr gutes Deutsch in Wort und Schrift<\/span><\/li>\n<\/ul>\n\t\t\t\t\t\t\t\t<\/div>\n\t\t\t\t<\/div>\n\t\t\t\t<div class=\"elementor-element elementor-element-bc069a8 elementor-invisible elementor-widget elementor-widget-heading\" data-id=\"bc069a8\" data-element_type=\"widget\" data-e-type=\"widget\" data-settings=\"{&quot;_animation&quot;:&quot;fadeIn&quot;,&quot;_animation_delay&quot;:200}\" data-widget_type=\"heading.default\">\n\t\t\t\t<div class=\"elementor-widget-container\">\n\t\t\t\t\t<h2 class=\"elementor-heading-title elementor-size-default\">Was wir dir bieten:<\/h2>\t\t\t\t<\/div>\n\t\t\t\t<\/div>\n\t\t\t\t<div class=\"elementor-element elementor-element-00a3ae0 elementor-invisible elementor-widget elementor-widget-text-editor\" data-id=\"00a3ae0\" data-element_type=\"widget\" data-e-type=\"widget\" data-settings=\"{&quot;_animation&quot;:&quot;fadeIn&quot;,&quot;_animation_delay&quot;:400}\" data-widget_type=\"text-editor.default\">\n\t\t\t\t<div class=\"elementor-widget-container\">\n\t\t\t\t\t\t\t\t\t<ul>\n<li><strong>Viel Flexibilit\u00e4t und Freiraum (B\u00fcro und\/oder Home-Office)<\/strong><\/li>\n<li><span class=\"JsGRdQ\">Abwechslungsreiche T\u00e4tigkeit in einer besonderen Branche<\/span><\/li>\n<li><span class=\"JsGRdQ\">Aus- und Weiterbildungsm\u00f6glichkeiten<\/span><\/li>\n<li><span class=\"JsGRdQ\">Attraktive Boni und Leistungspr\u00e4mien<\/span><\/li>\n<li><span class=\"JsGRdQ\">Junges Team und cooles Office<\/span><\/li>\n<li>Wir bieten dir eine marktkonforme Bezahlung mit Bereitschaft<br \/>zur \u00dcberzahlung in Abh\u00e4ngigkeit von deiner Qualifikation und Berufserfahrung.<\/li>\n<\/ul>\n\t\t\t\t\t\t\t\t<\/div>\n\t\t\t\t<\/div>\n\t\t\t\t\t<\/div>\n\t\t<\/div>\n\t\t\t\t\t<\/div>\n\t\t<\/section>\n\t\t\t\t<section class=\"elementor-section elementor-top-section elementor-element elementor-element-e0c9cc7 elementor-section-boxed elementor-section-height-default elementor-section-height-default\" data-id=\"e0c9cc7\" data-element_type=\"section\" data-e-type=\"section\" data-settings=\"{&quot;background_background&quot;:&quot;classic&quot;}\">\n\t\t\t\t\t\t<div class=\"elementor-container elementor-column-gap-default\">\n\t\t\t\t\t<div class=\"elementor-column elementor-col-100 elementor-top-column elementor-element elementor-element-1873452\" data-id=\"1873452\" data-element_type=\"column\" data-e-type=\"column\">\n\t\t\t<div class=\"elementor-widget-wrap elementor-element-populated\">\n\t\t\t\t\t\t<div class=\"elementor-element elementor-element-b583288 elementor-widget elementor-widget-heading\" data-id=\"b583288\" data-element_type=\"widget\" data-e-type=\"widget\" data-widget_type=\"heading.default\">\n\t\t\t\t<div class=\"elementor-widget-container\">\n\t\t\t\t\t<h5 class=\"elementor-heading-title elementor-size-default\">Sende deine Bewerbung an: jobs@leaf-systems.eu<\/h5>\t\t\t\t<\/div>\n\t\t\t\t<\/div>\n\t\t\t\t\t<\/div>\n\t\t<\/div>\n\t\t\t\t\t<\/div>\n\t\t<\/section>\n\t\t\t\t<\/div>\n\t\t","protected":false},"excerpt":{"rendered":"<p>Marketing Manager (m\/w\/d) Linz (AT) Die Leaf Systems GmbH wurde 2013 gegr\u00fcndet, um Bestell- und Kommunikationsprozesse in der Gastronomie zu verbessern. Um [&hellip;]<\/p>\n","protected":false},"author":2,"featured_media":0,"parent":0,"menu_order":0,"comment_status":"closed","ping_status":"closed","template":"","meta":{"footnotes":""},"class_list":["post-26957","page","type-page","status-publish","hentry"],"aioseo_notices":[],"_links":{"self":[{"href":"https:\/\/leaf-systems.eu\/de-at\/wp-json\/wp\/v2\/pages\/26957","targetHints":{"allow":["GET"]}}],"collection":[{"href":"https:\/\/leaf-systems.eu\/de-at\/wp-json\/wp\/v2\/pages"}],"about":[{"href":"https:\/\/leaf-systems.eu\/de-at\/wp-json\/wp\/v2\/types\/page"}],"author":[{"embeddable":true,"href":"https:\/\/leaf-systems.eu\/de-at\/wp-json\/wp\/v2\/users\/2"}],"replies":[{"embeddable":true,"href":"https:\/\/leaf-systems.eu\/de-at\/wp-json\/wp\/v2\/comments?post=26957"}],"version-history":[{"count":0,"href":"https:\/\/leaf-systems.eu\/de-at\/wp-json\/wp\/v2\/pages\/26957\/revisions"}],"wp:attachment":[{"href":"https:\/\/leaf-systems.eu\/de-at\/wp-json\/wp\/v2\/media?parent=26957"}],"curies":[{"name":"wp","href":"https:\/\/api.w.org\/{rel}","templated":true}]}}