{"id":26977,"date":"2022-07-11T12:20:20","date_gmt":"2022-07-11T12:20:20","guid":{"rendered":"https:\/\/leaf-systems.eu\/b2b-bestellsystem\/"},"modified":"2024-04-09T12:15:07","modified_gmt":"2024-04-09T12:15:07","slug":"b2b-bestellsystem","status":"publish","type":"page","link":"https:\/\/leaf-systems.eu\/de-ch\/b2b-bestellsystem\/","title":{"rendered":"B2B Bestellsystem"},"content":{"rendered":"<h1>Bequemer f\u00fcr dich und deine Kunden<\/h1>\n<h5>B2B Bestellsystem f\u00fcr Kunden und aussendienst<\/h5>\n<h6>Bestellungen schnell und einfach per Knopfdruck absenden<\/h6>\n<p>\t\t\t<a href=\"https:\/\/leaf-systems.eu\/de-ch\/kontaktiere-uns\/\"><br \/>\n\t\t\t\t\t\tJetzt loslegen<br \/>\n\t\t\t\t\t<\/a><br \/>\n\t\t\t\t\t\t\t\t\t\t\t\t\t<img fetchpriority=\"high\" decoding=\"async\" width=\"1335\" height=\"928\" src=\"https:\/\/leaf-systems.eu\/wp-content\/uploads\/2022\/09\/perso\u0308nliches_Design.png\" alt=\"pers\u00f6nliches Design erstellen\" srcset=\"https:\/\/leaf-systems.eu\/wp-content\/uploads\/2022\/09\/perso\u0308nliches_Design.png 1335w, https:\/\/leaf-systems.eu\/wp-content\/uploads\/2022\/09\/perso\u0308nliches_Design-300x209.png 300w, https:\/\/leaf-systems.eu\/wp-content\/uploads\/2022\/09\/perso\u0308nliches_Design-1024x712.png 1024w, https:\/\/leaf-systems.eu\/wp-content\/uploads\/2022\/09\/perso\u0308nliches_Design-768x534.png 768w, https:\/\/leaf-systems.eu\/wp-content\/uploads\/2022\/09\/perso\u0308nliches_Design-650x452.png 650w\" sizes=\"(max-width: 1335px) 100vw, 1335px\" \/>\t\t\t\t\t\t\t\t\t\t\t\t\t<\/p>\n<h2>standardisierte Bestelllisten<\/h2>\n<p>Bestellungen werden einheitlich gesammelt und k\u00f6nnen dadurch einfach verarbeitet werden.<\/p>\n<ul>\n<li>\n\t\t\t\t\t\t\t\t\t\talle Bestellungen \u00fcbersichtlich gesammelt\n\t\t\t\t\t\t\t\t\t<\/li>\n<li>\n\t\t\t\t\t\t\t\t\t\tkeine Fehler mehr\n\t\t\t\t\t\t\t\t\t<\/li>\n<\/ul>\n<h2>ausgedruckt und digital verf\u00fcgbar<\/h2>\n<p>Lieferschein in doppelter Ausf\u00fchrung drucken \u2013 direkt vom Thermodrucker oder A4 Drucker.<\/p>\n<p>Alle Bestelllisten k\u00f6nnen in digitaler Form per Smartphone, Tablet oder PC verarbeitet werden.<\/p>\n<ul>\n<li>\n\t\t\t\t\t\t\t\t\t\tim xls oder csv Format exportierbar\n\t\t\t\t\t\t\t\t\t<\/li>\n<li>\n\t\t\t\t\t\t\t\t\t\t per Schnittstelle an Drittanbieter exportierbar\n\t\t\t\t\t\t\t\t\t<\/li>\n<\/ul>\n<p>\t\t\t\t\t\t\t\t\t\t\t\t\t<img decoding=\"async\" width=\"5400\" height=\"5401\" src=\"https:\/\/leaf-systems.eu\/wp-content\/uploads\/2022\/10\/B2B-ausgedruckt-und-digital.png\" alt=\"\" srcset=\"https:\/\/leaf-systems.eu\/wp-content\/uploads\/2022\/10\/B2B-ausgedruckt-und-digital.png 5400w, https:\/\/leaf-systems.eu\/wp-content\/uploads\/2022\/10\/B2B-ausgedruckt-und-digital-300x300.png 300w, https:\/\/leaf-systems.eu\/wp-content\/uploads\/2022\/10\/B2B-ausgedruckt-und-digital-1024x1024.png 1024w, https:\/\/leaf-systems.eu\/wp-content\/uploads\/2022\/10\/B2B-ausgedruckt-und-digital-150x150.png 150w, https:\/\/leaf-systems.eu\/wp-content\/uploads\/2022\/10\/B2B-ausgedruckt-und-digital-768x768.png 768w, https:\/\/leaf-systems.eu\/wp-content\/uploads\/2022\/10\/B2B-ausgedruckt-und-digital-1536x1536.png 1536w, https:\/\/leaf-systems.eu\/wp-content\/uploads\/2022\/10\/B2B-ausgedruckt-und-digital-2048x2048.png 2048w, https:\/\/leaf-systems.eu\/wp-content\/uploads\/2022\/10\/B2B-ausgedruckt-und-digital-650x650.png 650w\" sizes=\"(max-width: 5400px) 100vw, 5400px\" \/>\t\t\t\t\t\t\t\t\t\t\t\t\t<\/p>\n<h5>Highlights des Bestellsystems<\/h5>\n<h3>automatische Nachbestellung<\/h3>\n<p>Deine Kunden k\u00f6nnen selbst festlegen, ob diese ihr Lager automatisch auff\u00fcllen m\u00f6chten.<\/p>\n<p>\t\t\t<a role=\"button\"><br \/>\n\t\t\t\t\t\tschnell &amp; einfach<br \/>\n\t\t\t\t\t<\/a><\/p>\n<h3>Bestellungen zeitsparend t\u00e4tigen<\/h3>\n<p>\u00dcber eine Favoritenliste k\u00f6nnen Kunden, Artikel die sie bei dir kaufen m\u00f6chten, vormerken.<\/p>\n<h3>Kundenbindung und Mehrverk\u00e4ufe durch Rabatte und Angebote<\/h3>\n<p>Schlage deinen Kunden neue Angebote vor und erm\u00f6gliche es ihnen, auch au\u00dferhalb des Standardsortiments zu bestellen. So kannst du kosteng\u00fcnstig neue Produkte testen und mithilfe von Kombiangeboten mehr Absatz erzielen. Belohne die Treue der Kunden mit individuellen Rabatten.<\/p>\n<p>\t\t\t<a role=\"button\"><br \/>\n\t\t\t\t\t\tUmsatz boostern<br \/>\n\t\t\t\t\t<\/a><\/p>\n<h2>24\/7 Verf\u00fcgbarkeit und Echtzeit Kontrolle <\/h2>\n<p>Behalte leicht den \u00dcberblick \u00fcber alle Bestellungen. Diese werden direkt den Kundenkarteien zugeordnet. Deine Kunden erhalten jederzeit E-Mail-Benachrichtigungen \u00fcber den aktuellen Bestellstatus.<\/p>\n<h2>Noch mehr von leafsystems<\/h2>\n<p>Unsere Softwarel\u00f6sung ist mit verschiedenen Modulen und Add-ons erweiterbar. Digitalisiere deinen Betrieb und mache deine Gastronomie nachhaltig erfolgreich!<\/p>\n<p>\t\t\t\t\t\t\t\t\t\t\t\t\t<img decoding=\"async\" width=\"327\" height=\"335\" src=\"https:\/\/leaf-systems.eu\/wp-content\/uploads\/2024\/03\/kantinenbestellsystem.png\" alt=\"\" srcset=\"https:\/\/leaf-systems.eu\/wp-content\/uploads\/2024\/03\/kantinenbestellsystem.png 327w, https:\/\/leaf-systems.eu\/wp-content\/uploads\/2024\/03\/kantinenbestellsystem-293x300.png 293w\" sizes=\"(max-width: 327px) 100vw, 327px\" \/><br \/>\n\t\t\t\t\t\t\t\t\t\t\t\t\t<img loading=\"lazy\" decoding=\"async\" width=\"328\" height=\"335\" src=\"https:\/\/leaf-systems.eu\/wp-content\/uploads\/2024\/03\/kassensystem.png\" alt=\"\" srcset=\"https:\/\/leaf-systems.eu\/wp-content\/uploads\/2024\/03\/kassensystem.png 328w, https:\/\/leaf-systems.eu\/wp-content\/uploads\/2024\/03\/kassensystem-294x300.png 294w\" sizes=\"(max-width: 328px) 100vw, 328px\" \/><br \/>\n\t\t\t\t\t\t\t\t\t\t\t\t\t<img loading=\"lazy\" decoding=\"async\" width=\"328\" height=\"334\" src=\"https:\/\/leaf-systems.eu\/wp-content\/uploads\/2024\/03\/integrationen.png\" alt=\"\" srcset=\"https:\/\/leaf-systems.eu\/wp-content\/uploads\/2024\/03\/integrationen.png 328w, https:\/\/leaf-systems.eu\/wp-content\/uploads\/2024\/03\/integrationen-295x300.png 295w\" sizes=\"(max-width: 328px) 100vw, 328px\" \/><br \/>\n\t\t\t\t\t\t\t\t\t\t\t\t\t<img loading=\"lazy\" decoding=\"async\" width=\"327\" height=\"334\" src=\"https:\/\/leaf-systems.eu\/wp-content\/uploads\/2024\/03\/kuechenmonitor.png\" alt=\"\" srcset=\"https:\/\/leaf-systems.eu\/wp-content\/uploads\/2024\/03\/kuechenmonitor.png 327w, https:\/\/leaf-systems.eu\/wp-content\/uploads\/2024\/03\/kuechenmonitor-294x300.png 294w\" sizes=\"(max-width: 327px) 100vw, 327px\" \/><br \/>\n\t\t\t\t\t\t\t\t\t\t\t\t\t\t<a href=\"https:\/\/leaf-systems.eu\/de-ch\/betriebskantine\/\"><br \/>\n\t\t\t\t\t\t\t<img loading=\"lazy\" decoding=\"async\" width=\"1000\" height=\"1021\" src=\"https:\/\/leaf-systems.eu\/wp-content\/uploads\/2022\/07\/Kantine_Kachel-1003x1024.png\" alt=\"\" srcset=\"https:\/\/leaf-systems.eu\/wp-content\/uploads\/2022\/07\/Kantine_Kachel-1003x1024.png 1003w, https:\/\/leaf-systems.eu\/wp-content\/uploads\/2022\/07\/Kantine_Kachel-294x300.png 294w, https:\/\/leaf-systems.eu\/wp-content\/uploads\/2022\/07\/Kantine_Kachel-768x784.png 768w, https:\/\/leaf-systems.eu\/wp-content\/uploads\/2022\/07\/Kantine_Kachel-636x650.png 636w, https:\/\/leaf-systems.eu\/wp-content\/uploads\/2022\/07\/Kantine_Kachel.png 1361w\" sizes=\"(max-width: 1000px) 100vw, 1000px\" \/>\t\t\t\t\t\t\t\t<\/a><br \/>\n\t\t\t\t\t\t\t\t\t\t\t\t\t\t<a href=\"https:\/\/leaf-systems.eu\/de-ch\/kassensystem\/\"><br \/>\n\t\t\t\t\t\t\t<img loading=\"lazy\" decoding=\"async\" width=\"1000\" height=\"1021\" src=\"https:\/\/leaf-systems.eu\/wp-content\/uploads\/2022\/10\/Kachel-Kassensystem-1003x1024.png\" alt=\"\" srcset=\"https:\/\/leaf-systems.eu\/wp-content\/uploads\/2022\/10\/Kachel-Kassensystem-1003x1024.png 1003w, https:\/\/leaf-systems.eu\/wp-content\/uploads\/2022\/10\/Kachel-Kassensystem-294x300.png 294w, https:\/\/leaf-systems.eu\/wp-content\/uploads\/2022\/10\/Kachel-Kassensystem-768x784.png 768w, https:\/\/leaf-systems.eu\/wp-content\/uploads\/2022\/10\/Kachel-Kassensystem-636x650.png 636w, https:\/\/leaf-systems.eu\/wp-content\/uploads\/2022\/10\/Kachel-Kassensystem.png 1362w\" sizes=\"(max-width: 1000px) 100vw, 1000px\" \/>\t\t\t\t\t\t\t\t<\/a><br \/>\n\t\t\t\t\t\t\t\t\t\t\t\t\t\t<a href=\"https:\/\/leaf-systems.eu\/de-ch\/integrationen\/\"><br \/>\n\t\t\t\t\t\t\t<img loading=\"lazy\" decoding=\"async\" width=\"1000\" height=\"1021\" src=\"https:\/\/leaf-systems.eu\/wp-content\/uploads\/2022\/07\/Integrationen_Kachel-1003x1024.png\" alt=\"\" srcset=\"https:\/\/leaf-systems.eu\/wp-content\/uploads\/2022\/07\/Integrationen_Kachel-1003x1024.png 1003w, https:\/\/leaf-systems.eu\/wp-content\/uploads\/2022\/07\/Integrationen_Kachel-294x300.png 294w, https:\/\/leaf-systems.eu\/wp-content\/uploads\/2022\/07\/Integrationen_Kachel-768x784.png 768w, https:\/\/leaf-systems.eu\/wp-content\/uploads\/2022\/07\/Integrationen_Kachel-636x650.png 636w, https:\/\/leaf-systems.eu\/wp-content\/uploads\/2022\/07\/Integrationen_Kachel.png 1361w\" sizes=\"(max-width: 1000px) 100vw, 1000px\" \/>\t\t\t\t\t\t\t\t<\/a><br \/>\n\t\t\t\t\t\t\t\t\t\t\t\t\t\t<a href=\"https:\/\/leaf-systems.eu\/de-ch\/kuechenmonitor\/\"><br \/>\n\t\t\t\t\t\t\t<img loading=\"lazy\" decoding=\"async\" width=\"1000\" height=\"1021\" src=\"https:\/\/leaf-systems.eu\/wp-content\/uploads\/2022\/10\/Kachel-Ku\u0308chenmonitor-1003x1024.png\" alt=\"\" srcset=\"https:\/\/leaf-systems.eu\/wp-content\/uploads\/2022\/10\/Kachel-Ku\u0308chenmonitor-1003x1024.png 1003w, https:\/\/leaf-systems.eu\/wp-content\/uploads\/2022\/10\/Kachel-Ku\u0308chenmonitor-294x300.png 294w, https:\/\/leaf-systems.eu\/wp-content\/uploads\/2022\/10\/Kachel-Ku\u0308chenmonitor-768x784.png 768w, https:\/\/leaf-systems.eu\/wp-content\/uploads\/2022\/10\/Kachel-Ku\u0308chenmonitor-636x650.png 636w, https:\/\/leaf-systems.eu\/wp-content\/uploads\/2022\/10\/Kachel-Ku\u0308chenmonitor.png 1361w\" sizes=\"(max-width: 1000px) 100vw, 1000px\" \/>\t\t\t\t\t\t\t\t<\/a><\/p>\n<h2>Jetzt pers\u00f6nliches Beratungsgespr\u00e4ch vereinbaren.<\/h2>\n<p>Unsere Experten stehen dir gerne f\u00fcr eine pers\u00f6nliche Beratung, Live-Vord\u00fchrungen des Systems oder f\u00fcr ein individuelles Angebot zur Verf\u00fcgung. <\/p>\n<ul>\n<li>\n\t\t\t\t\t\t\t\t\t\t+49 621 \u2013 586 782 69\n\t\t\t\t\t\t\t\t\t<\/li>\n<li>\n\t\t\t\t\t\t\t\t\t\toffice@leaf-systems.eu\n\t\t\t\t\t\t\t\t\t<\/li>\n<\/ul>\n<form id=\"wpforms-form-6332\" data-formid=\"6332\" method=\"post\" enctype=\"multipart\/form-data\" action=\"\/wp-admin\/admin-ajax.php\" data-token=\"f215e079714ffa88eb49ce7702c7efcc\"><noscript>Please enable JavaScript in your browser to complete this form.<\/noscript>Please enable JavaScript in your browser to complete this form.<label for=\"wpforms-6332-field_0\">Vor- und Nachname *<\/label><input type=\"text\" id=\"wpforms-6332-field_0\" name=\"wpforms[fields][0]\" aria-errormessage=\"wpforms-6332-field_0-error\" required><label for=\"wpforms-6332-field_7\">Ich bin&#8230;<\/label><select id=\"wpforms-6332-field_7\" name=\"wpforms[fields][7]\"><option value=\"eine Neugr\u00fcndung\" >eine Neugr\u00fcndung<\/option><option value=\"ein existierender Betrieb\" >ein existierender Betrieb<\/option><option value=\"ein leafsystems Kunde\" >ein leafsystems Kunde<\/option><option value=\"ein potentieller Fachhandelspartner\" >ein potentieller Fachhandelspartner<\/option><option value=\"Sonstige\" >Sonstige<\/option><\/select><label for=\"wpforms-6332-field_1\">Email *<\/label><input type=\"email\" id=\"wpforms-6332-field_1\" data-rule-restricted-email=\"1\" name=\"wpforms[fields][1]\" spellcheck=\"false\" aria-errormessage=\"wpforms-6332-field_1-error\" required><label for=\"wpforms-6332-field_11\">Mobilnummer *<\/label><input type=\"tel\" id=\"wpforms-6332-field_11\" data-rule-int-phone-field=\"true\" name=\"wpforms[fields][11]\" aria-errormessage=\"wpforms-6332-field_11-error\" required><label for=\"wpforms-6332-field_8\">Betriebsname<\/label><input type=\"text\" id=\"wpforms-6332-field_8\" name=\"wpforms[fields][8]\" aria-errormessage=\"wpforms-6332-field_8-error\" ><label for=\"wpforms-6332-field_13\">Postleitzahl *<\/label><input type=\"text\" id=\"wpforms-6332-field_13\" name=\"wpforms[fields][13]\" aria-errormessage=\"wpforms-6332-field_13-error\" required><label for=\"wpforms-6332-field_9\">Betriebstyp<\/label><select id=\"wpforms-6332-field_9\" name=\"wpforms[fields][9]\"><option value=\"Caf\u00e9\" >Caf\u00e9<\/option><option value=\"Bistro\" >Bistro<\/option><option value=\"Imbiss\" >Imbiss<\/option><option value=\"Bar\" >Bar<\/option><option value=\"Restaurant\" >Restaurant<\/option><option value=\"Gasthof\" >Gasthof<\/option><option value=\"Hotel\" >Hotel<\/option><option value=\"Club\" >Club<\/option><option value=\"Foodtruck\" >Foodtruck<\/option><option value=\"Sonstiges\" >Sonstiges<\/option><\/select><label for=\"wpforms-6332-field_2\">Deine Nachricht<\/label><textarea id=\"wpforms-6332-field_2\" name=\"wpforms[fields][2]\" aria-errormessage=\"wpforms-6332-field_2-error\" ><\/textarea><\/p>\n<fieldset>\n<legend>Datenschutzerkl\u00e4rung *<\/legend>\n<ul id=\"wpforms-6332-field_3\">\n<li><input type=\"checkbox\" id=\"wpforms-6332-field_3_1\" name=\"wpforms[fields][3][]\" value=\"Ich habe die Datenschutzerkl\u00e4rung zur Kenntnis genommen. Ich stimme zu, dass meine Angaben und Daten zur Beantwortung meiner Anfrage elektronisch erhoben und gespeichert werden. Hinweis: Sie k\u00f6nnen Ihre Einwilligung jederzeit f\u00fcr die Zukunft per E-Mail an office@leaf-systems.eu widerrufen.\" aria-errormessage=\"wpforms-6332-field_3_1-error\" required ><label for=\"wpforms-6332-field_3_1\">Ich habe die Datenschutzerkl\u00e4rung zur Kenntnis genommen. Ich stimme zu, dass meine Angaben und Daten zur Beantwortung meiner Anfrage elektronisch erhoben und gespeichert werden. Hinweis: Sie k\u00f6nnen Ihre Einwilligung jederzeit f\u00fcr die Zukunft per E-Mail an office@leaf-systems.eu widerrufen.<\/label><\/li>\n<\/ul>\n<\/fieldset>\n<p><!-- .wpforms-field-container --><input type=\"hidden\" name=\"wpforms[id]\" value=\"6332\">\t\t\t<input\n\t\t\t\ttype=\"hidden\"\n\t\t\t\tname=\"wpforms[nonce]\"\n\t\t\t\tvalue=\"a98427ca1d\"\n\t\t\t\/><br \/>\n\t\t\t<input type=\"hidden\" name=\"wpforms[author]\" value=\"2\"><button type=\"submit\" name=\"wpforms[submit]\" id=\"wpforms-submit-6332\" data-alt-text=\"wird gesendet...\" data-submit-text=\"Absenden\" aria-live=\"assertive\" value=\"wpforms-submit\">Absenden<\/button><img loading=\"lazy\" decoding=\"async\" src=\"https:\/\/leaf-systems.eu\/wp-content\/plugins\/wpforms\/assets\/images\/submit-spin.svg\" style=\"display: none;\" width=\"26\" height=\"26\" alt=\"Loading\"><\/form>\n<p>  <!-- .wpforms-container --><\/p>\n","protected":false},"excerpt":{"rendered":"<p>Bequemer f\u00fcr dich und deine Kunden B2B Bestellsystem f\u00fcr Kunden und aussendienst Bestellungen schnell und einfach per Knopfdruck absenden Jetzt loslegen standardisierte [&hellip;]<\/p>\n","protected":false},"author":2,"featured_media":0,"parent":0,"menu_order":0,"comment_status":"closed","ping_status":"closed","template":"","meta":{"footnotes":""},"class_list":["post-26977","page","type-page","status-publish","hentry"],"aioseo_notices":[],"_links":{"self":[{"href":"https:\/\/leaf-systems.eu\/de-ch\/wp-json\/wp\/v2\/pages\/26977","targetHints":{"allow":["GET"]}}],"collection":[{"href":"https:\/\/leaf-systems.eu\/de-ch\/wp-json\/wp\/v2\/pages"}],"about":[{"href":"https:\/\/leaf-systems.eu\/de-ch\/wp-json\/wp\/v2\/types\/page"}],"author":[{"embeddable":true,"href":"https:\/\/leaf-systems.eu\/de-ch\/wp-json\/wp\/v2\/users\/2"}],"replies":[{"embeddable":true,"href":"https:\/\/leaf-systems.eu\/de-ch\/wp-json\/wp\/v2\/comments?post=26977"}],"version-history":[{"count":0,"href":"https:\/\/leaf-systems.eu\/de-ch\/wp-json\/wp\/v2\/pages\/26977\/revisions"}],"wp:attachment":[{"href":"https:\/\/leaf-systems.eu\/de-ch\/wp-json\/wp\/v2\/media?parent=26977"}],"curies":[{"name":"wp","href":"https:\/\/api.w.org\/{rel}","templated":true}]}}