{"id":27035,"date":"2022-07-19T12:11:25","date_gmt":"2022-07-19T12:11:25","guid":{"rendered":"https:\/\/leaf-systems.eu\/senior-react-web-developer\/"},"modified":"2024-03-25T13:02:27","modified_gmt":"2024-03-25T13:02:27","slug":"senior-react-web-developer","status":"publish","type":"page","link":"https:\/\/leaf-systems.eu\/de-ch\/senior-react-web-developer\/","title":{"rendered":"Senior React Web-Developer"},"content":{"rendered":"<style>\/*! elementor - v3.20.0 - 20-03-2024 *\/\n.elementor-heading-title{padding:0;margin:0;line-height:1}.elementor-widget-heading .elementor-heading-title[class*=elementor-size-]>a{color:inherit;font-size:inherit;line-height:inherit}.elementor-widget-heading .elementor-heading-title.elementor-size-small{font-size:15px}.elementor-widget-heading .elementor-heading-title.elementor-size-medium{font-size:19px}.elementor-widget-heading .elementor-heading-title.elementor-size-large{font-size:29px}.elementor-widget-heading .elementor-heading-title.elementor-size-xl{font-size:39px}.elementor-widget-heading .elementor-heading-title.elementor-size-xxl{font-size:59px}<\/style>\n<h1>Senior React Web-Developer (m\/w\/d)<\/h1>\n<h4>Remote (AT\/DE) oder vor Ort in Linz (AT) ab November 2023<\/h4>\n<p>Die Leaf Systems GmbH wurde 2013 gegr\u00fcndet, um Bestell- und Kommunikationsprozesse in der Gastronomie zu verbessern. Um den n\u00e4chsten Skalierungsschritt zu gehen, suchen wir kompetente und motivierte Mitarbeiter f\u00fcr unser Team. Gerne als <b>Angestellter in Vollzeit, ortsunabh\u00e4ngig.<\/b><\/p>\n<p><strong>Als Web-Developer in der Softwareentwicklung bist du verantwortlich f\u00fcr Teilbereiche vereinzelter Softwarekomponenten und dem dazugeh\u00f6rigen Qualit\u00e4tsmanagement.<\/strong><\/p>\n<p>Sende deine Bewerbung an: jobs@leaf-systems.eu<\/p>\n<style>\/*! elementor - v3.20.0 - 20-03-2024 *\/\n.elementor-widget-image{text-align:center}.elementor-widget-image a{display:inline-block}.elementor-widget-image a img[src$=\".svg\"]{width:48px}.elementor-widget-image img{vertical-align:middle;display:inline-block}<\/style>\n<p>\t\t\t\t\t\t\t\t\t\t<img fetchpriority=\"high\" decoding=\"async\" width=\"5361\" height=\"6049\" src=\"https:\/\/leaf-systems.eu\/wp-content\/uploads\/2022\/10\/Web-Developer.png\" alt=\"Web Developer\" srcset=\"https:\/\/leaf-systems.eu\/wp-content\/uploads\/2022\/10\/Web-Developer.png 5361w, https:\/\/leaf-systems.eu\/wp-content\/uploads\/2022\/10\/Web-Developer-266x300.png 266w, https:\/\/leaf-systems.eu\/wp-content\/uploads\/2022\/10\/Web-Developer-908x1024.png 908w, https:\/\/leaf-systems.eu\/wp-content\/uploads\/2022\/10\/Web-Developer-768x867.png 768w, https:\/\/leaf-systems.eu\/wp-content\/uploads\/2022\/10\/Web-Developer-1361x1536.png 1361w, https:\/\/leaf-systems.eu\/wp-content\/uploads\/2022\/10\/Web-Developer-1815x2048.png 1815w, https:\/\/leaf-systems.eu\/wp-content\/uploads\/2022\/10\/Web-Developer-576x650.png 576w\" sizes=\"(max-width: 5361px) 100vw, 5361px\" \/>\t\t\t\t\t\t\t\t\t\t\t\t\t<\/p>\n<h2>Deine Aufgaben:<\/h2>\n<ul>\n<li>Erweiterung neuer Features in enger Zusammenarbeit mit dem Produktmanagement<\/li>\n<li>Entwicklung neuer, innovativer Designs<\/li>\n<li>Umsetzen von Kundenw\u00fcnschen (Features, etc.)<\/li>\n<li>Qualit\u00e4tssicherung und Entwicklung von Tests<\/li>\n<\/ul>\n<h2>Was du mitbringen sollst:<\/h2>\n<ul>\n<li style=\"font-weight: 400;\" aria-level=\"1\">Ausbildung oder Studium in Informatik, Design oder verwandte Qualifizierung<\/li>\n<li style=\"font-weight: 400;\" aria-level=\"1\">Mehrj\u00e4hrige Berufserfahrung in der Softwareentwicklung<\/li>\n<li style=\"font-weight: 400;\" aria-level=\"1\">Ausgepr\u00e4gtes Interesse an neuen Technologien<\/li>\n<li style=\"font-weight: 400;\" aria-level=\"1\">Erfahrung mit Webservices und REST-APIs<\/li>\n<li style=\"font-weight: 400;\" aria-level=\"1\">Kreativit\u00e4t und starker Hang zu Webdesign und Usability<\/li>\n<li style=\"font-weight: 400;\" aria-level=\"1\">Erfahrung in Softwareentwicklung im Team (insb. git)<\/li>\n<li style=\"font-weight: 400;\" aria-level=\"1\">Hervorragende React-, TypeScript-, HTML- und CSS-Kenntnisse<\/li>\n<li style=\"font-weight: 400;\" aria-level=\"1\">Gewissenhaftes, proaktives und selbstst\u00e4ndiges Arbeiten<\/li>\n<li style=\"font-weight: 400;\" aria-level=\"1\">Flie\u00dfendes Deutsch in Wort und Schrift<\/li>\n<\/ul>\n<h2>Was dich herausstechen l\u00e4sst:<\/h2>\n<ul>\n<li style=\"font-weight: 400;\" aria-level=\"1\">Erfahrung mit CI\/CD-Prozessen<\/li>\n<li style=\"font-weight: 400;\" aria-level=\"1\">Erfahrung mit Linux und Servern<\/li>\n<li style=\"font-weight: 400;\" aria-level=\"1\">Eigene Projekte oder Beitr\u00e4ge zu Open-Source Projekten<\/li>\n<li style=\"font-weight: 400;\" aria-level=\"1\">Erfahrung mit Jest und SCSS<\/li>\n<li style=\"font-weight: 400;\" aria-level=\"1\">Erfahrung mit automatisierten Tests<\/li>\n<\/ul>\n<h2>Was wir dir bieten:<\/h2>\n<ul>\n<li><strong>Viel Flexibilit\u00e4t und Freiraum (B\u00fcro und\/oder Home-Office)<\/strong><\/li>\n<li>Offene Atmosph\u00e4re &amp; flache Hierarchien<\/li>\n<li>Hohe Lernkurve &amp; schnell Verantwortung \u00fcbernehmen<\/li>\n<li>Anspruchsvolle, abwechslungsreiche Aufgabe mit Gestaltungsm\u00f6glichkeiten<\/li>\n<li>Cooles Office<\/li>\n<li>Aus- und Weiterbildungsm\u00f6glichkeiten<\/li>\n<li>Wir bieten dir eine marktkonforme Bezahlung mit Bereitschaft<br \/>zur \u00dcberzahlung in Abh\u00e4ngigkeit von deiner Qualifikation und Berufserfahrung<\/li>\n<\/ul>\n<h5>Sende deine Bewerbung an: jobs@leaf-systems.eu<\/h5>\n","protected":false},"excerpt":{"rendered":"<p>Senior React Web-Developer (m\/w\/d) Remote (AT\/DE) oder vor Ort in Linz (AT) ab November 2023 Die Leaf Systems GmbH wurde 2013 gegr\u00fcndet, [&hellip;]<\/p>\n","protected":false},"author":2,"featured_media":0,"parent":0,"menu_order":0,"comment_status":"closed","ping_status":"closed","template":"","meta":{"footnotes":""},"class_list":["post-27035","page","type-page","status-publish","hentry"],"aioseo_notices":[],"_links":{"self":[{"href":"https:\/\/leaf-systems.eu\/de-ch\/wp-json\/wp\/v2\/pages\/27035","targetHints":{"allow":["GET"]}}],"collection":[{"href":"https:\/\/leaf-systems.eu\/de-ch\/wp-json\/wp\/v2\/pages"}],"about":[{"href":"https:\/\/leaf-systems.eu\/de-ch\/wp-json\/wp\/v2\/types\/page"}],"author":[{"embeddable":true,"href":"https:\/\/leaf-systems.eu\/de-ch\/wp-json\/wp\/v2\/users\/2"}],"replies":[{"embeddable":true,"href":"https:\/\/leaf-systems.eu\/de-ch\/wp-json\/wp\/v2\/comments?post=27035"}],"version-history":[{"count":0,"href":"https:\/\/leaf-systems.eu\/de-ch\/wp-json\/wp\/v2\/pages\/27035\/revisions"}],"wp:attachment":[{"href":"https:\/\/leaf-systems.eu\/de-ch\/wp-json\/wp\/v2\/media?parent=27035"}],"curies":[{"name":"wp","href":"https:\/\/api.w.org\/{rel}","templated":true}]}}